{"id":106832,"date":"2024-11-09T07:22:08","date_gmt":"2024-11-09T07:22:08","guid":{"rendered":"https:\/\/b2b.hitway.eu\/blog\/"},"modified":"2025-07-15T23:18:06","modified_gmt":"2025-07-15T23:18:06","slug":"blog","status":"publish","type":"page","link":"https:\/\/b2b.hitway.eu\/de\/blog\/","title":{"rendered":"Blog"},"content":{"rendered":"<p>[et_pb_section fb_built=&#8220;1&#8243; _builder_version=&#8220;4.21.0&#8243; _module_preset=&#8220;default&#8220; use_background_color_gradient=&#8220;on&#8220; background_color_gradient_stops=&#8220;rgba(246,97,93,0.8) 0%|rgba(246,97,93,0.79) 100%&#8220; background_color_gradient_overlays_image=&#8220;on&#8220; background_color_gradient_start=&#8220;rgba(246,97,93,0.8)&#8220; background_color_gradient_end=&#8220;rgba(246,97,93,0.79)&#8220; background_enable_image=&#8220;off&#8220; locked=&#8220;off&#8220; global_colors_info=&#8220;{}&#8220;][et_pb_row _builder_version=&#8220;4.16&#8243; _module_preset=&#8220;default&#8220; custom_padding=&#8220;0px||0px||true|false&#8220; global_colors_info=&#8220;{}&#8220;][et_pb_column type=&#8220;4_4&#8243; _builder_version=&#8220;4.16&#8243; _module_preset=&#8220;default&#8220; custom_padding=&#8220;6%||8%||false|false&#8220; global_colors_info=&#8220;{}&#8220;][et_pb_text admin_label=&#8220;The Best Services&#8220; _builder_version=&#8220;4.16&#8243; _module_preset=&#8220;default&#8220; header_font=&#8220;Jost|700|||||||&#8220; header_text_color=&#8220;#FFFFFF&#8220; header_font_size=&#8220;90px&#8220; header_line_height=&#8220;1.2em&#8220; text_orientation=&#8220;center&#8220; custom_margin=&#8220;||0px||false|false&#8220; custom_padding=&#8220;||0px||false|false&#8220; header_font_size_tablet=&#8220;70px&#8220; header_font_size_phone=&#8220;50px&#8220; header_font_size_last_edited=&#8220;on|phone&#8220; locked=&#8220;off&#8220; global_colors_info=&#8220;{}&#8220;]<\/p>\n<h1>Unser Blog<\/h1>\n<p>[\/et_pb_text][et_pb_text _builder_version=&#8220;4.16&#8243; _module_preset=&#8220;default&#8220; text_font=&#8220;Open Sans||||||||&#8220; text_font_size=&#8220;18px&#8220; text_line_height=&#8220;1.8em&#8220; text_orientation=&#8220;center&#8220; background_layout=&#8220;dark&#8220; custom_margin=&#8220;0px||||false|false&#8220; custom_padding=&#8220;0px||||false|false&#8220; locked=&#8220;off&#8220; global_colors_info=&#8220;{}&#8220;]<\/p>\n<p>HITWAY widmet sich der Verbesserung der nachhaltigen urbanen Mobilit\u00e4t<\/p>\n<p>mit innovativen E-Bikes und E-Scootern, die Qualit\u00e4t, Komfort und ein Engagement f\u00fcr eine saubere Zukunft bieten.<\/p>\n<p>[\/et_pb_text][\/et_pb_column][\/et_pb_row][\/et_pb_section][et_pb_section fb_built=&#8220;1&#8243; _builder_version=&#8220;4.16&#8243; _module_preset=&#8220;default&#8220; use_background_color_gradient=&#8220;on&#8220; background_color_gradient_direction=&#8220;90deg&#8220; background_color_gradient_stops=&#8220;#ffffff 72%|#eff2ff 72%&#8220; background_color_gradient_start=&#8220;#ffffff&#8220; background_color_gradient_start_position=&#8220;72%&#8220; background_color_gradient_end=&#8220;#eff2ff&#8220; background_color_gradient_end_position=&#8220;72%&#8220; custom_padding=&#8220;6%||6%||true|false&#8220; global_colors_info=&#8220;{}&#8220;][et_pb_row _builder_version=&#8220;4.21.0&#8243; _module_preset=&#8220;default&#8220; global_colors_info=&#8220;{}&#8220;][et_pb_column type=&#8220;4_4&#8243; _builder_version=&#8220;4.21.0&#8243; _module_preset=&#8220;default&#8220; global_colors_info=&#8220;{}&#8220;][et_pb_blog fullwidth=&#8220;off&#8220; posts_number=&#8220;12&#8243; include_categories=&#8220;all&#8220; _builder_version=&#8220;4.27.4&#8243; _module_preset=&#8220;default&#8220; hover_enabled=&#8220;0&#8243; global_colors_info=&#8220;{}&#8220; sticky_enabled=&#8220;0&#8243;][\/et_pb_blog][\/et_pb_column][\/et_pb_row][\/et_pb_section][et_pb_section fb_built=&#8220;1&#8243; _builder_version=&#8220;4.16&#8243; _module_preset=&#8220;default&#8220; custom_padding=&#8220;||6%||false|false&#8220; collapsed=&#8220;on&#8220; global_colors_info=&#8220;{}&#8220;][\/et_pb_section]<\/p>\n","protected":false},"excerpt":{"rendered":"<p>Unser BlogHITWAY widmet sich der Verbesserung der nachhaltigen urbanen Mobilit\u00e4t mit innovativen E-Bikes und E-Scootern, die Qualit\u00e4t, Komfort und ein Engagement f\u00fcr eine saubere Zukunft bieten.<\/p>\n","protected":false},"author":1,"featured_media":0,"parent":0,"menu_order":0,"comment_status":"closed","ping_status":"closed","template":"","meta":{"_seopress_robots_primary_cat":"","_seopress_titles_title":"","_seopress_titles_desc":"","_seopress_robots_index":"","_et_pb_use_builder":"on","_et_pb_old_content":"","_et_gb_content_width":"","footnotes":""},"class_list":["post-106832","page","type-page","status-publish","hentry"],"_links":{"self":[{"href":"https:\/\/b2b.hitway.eu\/de\/wp-json\/wp\/v2\/pages\/106832","targetHints":{"allow":["GET"]}}],"collection":[{"href":"https:\/\/b2b.hitway.eu\/de\/wp-json\/wp\/v2\/pages"}],"about":[{"href":"https:\/\/b2b.hitway.eu\/de\/wp-json\/wp\/v2\/types\/page"}],"author":[{"embeddable":true,"href":"https:\/\/b2b.hitway.eu\/de\/wp-json\/wp\/v2\/users\/1"}],"replies":[{"embeddable":true,"href":"https:\/\/b2b.hitway.eu\/de\/wp-json\/wp\/v2\/comments?post=106832"}],"version-history":[{"count":2,"href":"https:\/\/b2b.hitway.eu\/de\/wp-json\/wp\/v2\/pages\/106832\/revisions"}],"predecessor-version":[{"id":106834,"href":"https:\/\/b2b.hitway.eu\/de\/wp-json\/wp\/v2\/pages\/106832\/revisions\/106834"}],"wp:attachment":[{"href":"https:\/\/b2b.hitway.eu\/de\/wp-json\/wp\/v2\/media?parent=106832"}],"curies":[{"name":"wp","href":"https:\/\/api.w.org\/{rel}","templated":true}]}}