{"id":106873,"date":"2021-03-18T13:15:04","date_gmt":"2021-03-18T13:15:04","guid":{"rendered":"https:\/\/b2b.hitway.eu\/producto\/"},"modified":"2025-07-15T23:19:46","modified_gmt":"2025-07-15T23:19:46","slug":"producto","status":"publish","type":"page","link":"https:\/\/b2b.hitway.eu\/es\/producto\/","title":{"rendered":"Producto"},"content":{"rendered":"<p>[et_pb_section fb_built=&#8221;1&#8243; _builder_version=&#8221;4.27.3&#8243; _module_preset=&#8221;default&#8221; use_background_color_gradient=&#8221;on&#8221; background_color_gradient_stops=&#8221;rgba(246,97,93,0.8) 0%|rgba(246,97,93,0.79) 100%&#8221; background_color_gradient_overlays_image=&#8221;on&#8221; background_color_gradient_start=&#8221;rgba(246,97,93,0.8)&#8221; background_color_gradient_end=&#8221;rgba(246,97,93,0.79)&#8221; background_enable_image=&#8221;off&#8221; locked=&#8221;off&#8221; global_colors_info=&#8221;{}&#8221;][et_pb_row _builder_version=&#8221;4.16&#8243; _module_preset=&#8221;default&#8221; custom_padding=&#8221;0px||0px||true|false&#8221; global_colors_info=&#8221;{}&#8221;][et_pb_column type=&#8221;4_4&#8243; _builder_version=&#8221;4.16&#8243; _module_preset=&#8221;default&#8221; custom_padding=&#8221;6%||8%||false|false&#8221; global_colors_info=&#8221;{}&#8221;][et_pb_text admin_label=&#8221;Portfolio&#8221; _builder_version=&#8221;4.16&#8243; _module_preset=&#8221;default&#8221; header_font=&#8221;Jost|700|||||||&#8221; header_text_color=&#8221;#FFFFFF&#8221; header_font_size=&#8221;90px&#8221; header_line_height=&#8221;1.2em&#8221; text_orientation=&#8221;center&#8221; custom_margin=&#8221;||0px||false|false&#8221; custom_padding=&#8221;||0px||false|false&#8221; header_font_size_tablet=&#8221;70px&#8221; header_font_size_phone=&#8221;50px&#8221; header_font_size_last_edited=&#8221;on|phone&#8221; locked=&#8221;off&#8221; global_colors_info=&#8221;{}&#8221;]<\/p>\n<h1>Productos<\/h1>\n<p>[\/et_pb_text][et_pb_text _builder_version=&#8221;4.16&#8243; _module_preset=&#8221;default&#8221; text_font=&#8221;Open Sans||||||||&#8221; text_font_size=&#8221;18px&#8221; text_line_height=&#8221;1.8em&#8221; text_orientation=&#8221;center&#8221; background_layout=&#8221;dark&#8221; custom_margin=&#8221;0px||||false|false&#8221; custom_padding=&#8221;0px||||false|false&#8221; locked=&#8221;off&#8221; global_colors_info=&#8221;{}&#8221;]<\/p>\n<p>HITWAY ofrece una gama de productos de movilidad el\u00e9ctrica ecol\u00f3gicos y de alta calidad dise\u00f1ados para mejorar los desplazamientos urbanos y las aventuras al aire libre.<\/p>\n<p>[\/et_pb_text][\/et_pb_column][\/et_pb_row][\/et_pb_section][et_pb_section fb_built=&#8221;1&#8243; _builder_version=&#8221;4.16&#8243; _module_preset=&#8221;default&#8221; background_enable_image=&#8221;off&#8221; custom_padding=&#8221;5%||8%||false|false&#8221; locked=&#8221;off&#8221; global_colors_info=&#8221;{}&#8221;][et_pb_row _builder_version=&#8221;4.16&#8243; _module_preset=&#8221;default&#8221; custom_padding=&#8221;||0px||false|false&#8221; locked=&#8221;off&#8221; global_colors_info=&#8221;{}&#8221;][et_pb_column type=&#8221;4_4&#8243; _builder_version=&#8221;4.16&#8243; _module_preset=&#8221;default&#8221; global_colors_info=&#8221;{}&#8221;][dipl_double_color_heading heading_pre_part=&#8221;Our&#8221; heading_main_part=&#8221;Products&#8221; admin_label=&#8221;Our Portfolio&#8221; _builder_version=&#8221;4.27.3&#8243; _module_preset=&#8221;default&#8221; global_heading_settings_text_align=&#8221;center&#8221; pre_header_font=&#8221;Jost|600|||||||&#8221; pre_header_text_color=&#8221;#f6615d&#8221; pre_header_font_size=&#8221;60px&#8221; pre_header_line_height=&#8221;1.2em&#8221; main_header_font=&#8221;Jost|600|||||||&#8221; main_header_text_color=&#8221;#f6615d&#8221; main_header_font_size=&#8221;60px&#8221; main_header_line_height=&#8221;1.2em&#8221; pre_header_font_size_tablet=&#8221;50px&#8221; pre_header_font_size_phone=&#8221;40px&#8221; pre_header_font_size_last_edited=&#8221;on|phone&#8221; main_header_font_size_tablet=&#8221;50px&#8221; main_header_font_size_phone=&#8221;40px&#8221; main_header_font_size_last_edited=&#8221;on|phone&#8221; global_colors_info=&#8221;{}&#8221;][\/dipl_double_color_heading][\/et_pb_column][\/et_pb_row][et_pb_row column_structure=&#8221;1_4,3_4&#8243; _builder_version=&#8221;4.27.3&#8243; _module_preset=&#8221;default&#8221; custom_padding=&#8221;||33px|||&#8221; global_colors_info=&#8221;{}&#8221;][et_pb_column type=&#8221;1_4&#8243; _builder_version=&#8221;4.27.3&#8243; _module_preset=&#8221;default&#8221; global_colors_info=&#8221;{}&#8221;][et_pb_search button_color=&#8221;#F6615D&#8221; _builder_version=&#8221;4.27.4&#8243; _module_preset=&#8221;default&#8221; button_text_color=&#8221;#FFFFFF&#8221; custom_margin=&#8221;||18px||false|false&#8221; custom_padding=&#8221;16px||16px||true|false&#8221; hover_enabled=&#8221;0&#8243; global_colors_info=&#8221;{}&#8221; button_font=&#8221;|600|||||||&#8221; sticky_enabled=&#8221;0&#8243;][\/et_pb_search][et_pb_text _builder_version=&#8221;4.27.3&#8243; _module_preset=&#8221;default&#8221; text_text_color=&#8221;#FFFFFF&#8221; background_color=&#8221;#f6615d&#8221; custom_margin=&#8221;||-1px||false|false&#8221; custom_padding=&#8221;16px||16px|6px|true|false&#8221; global_colors_info=&#8221;{}&#8221;]<\/p>\n<p>Categor\u00eda de productos<\/p>\n<p>[\/et_pb_text][et_pb_text _builder_version=&#8221;4.27.4&#8243; _module_preset=&#8221;default&#8221; link_text_color=&#8221;#000000&#8243; custom_margin=&#8221;||16px|||&#8221; custom_padding=&#8221;20px|||||&#8221; hover_enabled=&#8221;0&#8243; global_colors_info=&#8221;{}&#8221; sticky_enabled=&#8221;0&#8243;]<\/p>\n<p><a href=\"https:\/\/b2b.hitway.eu\/product-category\/e-bike\/\" target=\"_blank\" rel=\"noopener\">Bicicleta el\u00e9ctrica<\/a><\/p>\n<p><a href=\"https:\/\/b2b.hitway.eu\/es\/product-category\/sin-categoria\/\" target=\"_blank\" rel=\"noopener\">E-scooter<\/a><\/p>\n<p>[\/et_pb_text][et_pb_text _builder_version=&#8221;4.27.3&#8243; _module_preset=&#8221;default&#8221; text_text_color=&#8221;#FFFFFF&#8221; background_color=&#8221;#f6615d&#8221; custom_margin=&#8221;||-1px||false|false&#8221; custom_padding=&#8221;16px||16px|6px|true|false&#8221; global_colors_info=&#8221;{}&#8221;]<\/p>\n<p>Puesto destacado<\/p>\n<p>[\/et_pb_text][ba_post_list posts_number=&#8221;4&#8243; show_thumb=&#8221;off&#8221; show_icon=&#8221;off&#8221; excerpt_length=&#8221;100&#8243; show_author=&#8221;on&#8221; item_spacing=&#8221;30px&#8221; item_padding=&#8221;0px|0px|30px|0px|false|false&#8221; meta_spacing=&#8221;5px&#8221; excerpt_spacing=&#8221;10px&#8221; _builder_version=&#8221;4.27.3&#8243; _module_preset=&#8221;default&#8221; title_font=&#8221;|700|||||||&#8221; title_text_color=&#8221;#000000&#8243; title_font_size=&#8221;1.5rem&#8221; content_text_color=&#8221;#354559&#8243; content_font_size=&#8221;1rem&#8221; meta_font=&#8221;|700|||||||&#8221; meta_text_color=&#8221;#354559&#8243; meta_font_size=&#8221;1rem&#8221; custom_margin=&#8221;|||-16px|false|false&#8221; custom_padding=&#8221;28px|||0px|false|false&#8221; border_radii_image=&#8221;on|3px|3px|3px|3px&#8221; border_width_bottom_post=&#8221;1px&#8221; border_color_bottom_post=&#8221;#e2e5ed&#8221; global_colors_info=&#8221;{}&#8221;][\/ba_post_list][\/et_pb_column][et_pb_column type=&#8221;3_4&#8243; _builder_version=&#8221;4.27.3&#8243; _module_preset=&#8221;default&#8221; global_colors_info=&#8221;{}&#8221;][dipl_woo_products products_number=&#8221;12&#8243; include_categories=&#8221;25,15&#8243; number_of_columns=&#8221;3&#8243; show_add_to_cart=&#8221;off&#8221; disabled_on=&#8221;on|on|off&#8221; _builder_version=&#8221;4.27.3&#8243; _module_preset=&#8221;default&#8221; title_level=&#8221;h3&#8243; title_font_size=&#8221;24px&#8221; global_colors_info=&#8221;{}&#8221;][\/dipl_woo_products][dipl_woo_products products_number=&#8221;16&#8243; include_categories=&#8221;25,15&#8243; number_of_columns=&#8221;2&#8243; show_add_to_cart=&#8221;off&#8221; disabled_on=&#8221;off|off|on&#8221; _builder_version=&#8221;4.27.3&#8243; _module_preset=&#8221;default&#8221; global_colors_info=&#8221;{}&#8221;][\/dipl_woo_products][\/et_pb_column][\/et_pb_row][et_pb_row _builder_version=&#8221;4.27.3&#8243; _module_preset=&#8221;default&#8221; global_colors_info=&#8221;{}&#8221;][et_pb_column type=&#8221;4_4&#8243; _builder_version=&#8221;4.27.3&#8243; _module_preset=&#8221;default&#8221; global_colors_info=&#8221;{}&#8221;][et_pb_text _builder_version=&#8221;4.27.3&#8243; _module_preset=&#8221;default&#8221; text_font=&#8221;|700|||||||&#8221; text_text_color=&#8221;#000000&#8243; text_font_size=&#8221;30px&#8221; global_colors_info=&#8221;{}&#8221;]<\/p>\n<p>Tambi\u00e9n te puede gustar<\/p>\n<p>[\/et_pb_text][dipl_woo_products_carousel include_categories=&#8221;15,25&#8243; show_add_to_cart=&#8221;off&#8221; products_per_slide_tablet=&#8221;2&#8243; products_per_slide_phone=&#8221;1&#8243; disabled_on=&#8221;on|on|off&#8221; _builder_version=&#8221;4.27.3&#8243; _module_preset=&#8221;default&#8221; title_level=&#8221;h3&#8243; title_font_size=&#8221;24px&#8221; global_colors_info=&#8221;{}&#8221;][\/dipl_woo_products_carousel][dipl_woo_products_carousel include_categories=&#8221;15,25&#8243; show_add_to_cart=&#8221;off&#8221; products_per_slide=&#8221;2&#8243; products_per_slide_tablet=&#8221;2&#8243; products_per_slide_phone=&#8221;1&#8243; disabled_on=&#8221;off|off|on&#8221; _builder_version=&#8221;4.27.3&#8243; _module_preset=&#8221;default&#8221; title_level=&#8221;h3&#8243; title_font_size=&#8221;24px&#8221; global_colors_info=&#8221;{}&#8221;][\/dipl_woo_products_carousel][\/et_pb_column][\/et_pb_row][\/et_pb_section]<\/p>\n","protected":false},"excerpt":{"rendered":"<p>ProductosHITWAY ofrece una gama de productos de movilidad el\u00e9ctrica ecol\u00f3gicos y de alta calidad dise\u00f1ados para mejorar los desplazamientos urbanos y las aventuras al aire libre.<div class=\"et_pb_module dipl_double_color_heading dipl_double_color_heading_0 \">\n\t\t\t\t\n\t\t\t\t\n\t\t\t\t\n\t\t\t\t\n\t\t\t\t\n\t\t\t\t\n\t\t\t\t<div class=\"et_pb_module_inner\">\n\t\t\t\t\t<div class=\"dipl_text_wrapper\"><h2><span class=\"dipl_pre_text\">Our<\/span><span class=\"dipl_main_text\">Products<\/span><\/h2><\/div>\n\t\t\t\t<\/div>\n\t\t\t<\/div>Categor\u00eda de productosBicicleta el\u00e9ctrica E-scooterPuesto destacado<div class=\"et_pb_module ba_post_list ba_post_list_0\">\n\t\t\t\t\n\t\t\t\t\n\t\t\t\t\n\t\t\t\t\n\t\t\t\t\n\t\t\t\t\n\t\t\t\t<div class=\"et_pb_module_inner\">\n\t\t\t\t\t<div class=\"dtq-module dtq-post-list type-list\">\n                <ul class=\"dtq-post-list-parent\">\n                    <li class=\"dtq-post-list-child\">\n\t\t<a class=\"dtq-post-list-child-inner\" href=\"https:\/\/b2b.hitway.eu\/es\/se-pueden-entregar-bicicletas-electricas-en-brooklyn-guia-de-opciones-de-entrega-de-bicicletas-electricas-en-nueva-york\/\">\n\t\t\t<div class=\"dtq-post-list-icon\">\n\t\t\t\t<i class=\"dtq-et-font-icon\">9<\/i>\n\t\t\t<\/div>\n\t\t\t<div class=\"dtq-post-list-content\">\n\t\t\t\t<h3 class=\"dtq-post-list-title\">\u00bfSe pueden entregar bicicletas el\u00e9ctricas en Brooklyn? Gu\u00eda de opciones de entrega de bicicletas el\u00e9ctricas en Nueva York<\/h3>\n\t\t\t\t\n\t\t\t\t<p class=\"dtq-post-list-excerpt\">A medida que crece la popularidad de las e-bikes, m\u00e1s residentes de Brooklyn las eligen por su forma ecol\u00f3gica, eficiente y divertida de desplazars...<\/p>\n\t\t\t<\/div>\n\t\t<\/a>\n\t<\/li><li class=\"dtq-post-list-child\">\n\t\t<a class=\"dtq-post-list-child-inner\" href=\"https:\/\/b2b.hitway.eu\/es\/que-es-un-kit-de-conversion-de-bicicleta-electrica-y-deberias-usarlo-guia-2025\/\">\n\t\t\t<div class=\"dtq-post-list-icon\">\n\t\t\t\t<i class=\"dtq-et-font-icon\">9<\/i>\n\t\t\t<\/div>\n\t\t\t<div class=\"dtq-post-list-content\">\n\t\t\t\t<h3 class=\"dtq-post-list-title\">\u00bfQu\u00e9 es un kit de conversi\u00f3n de bicicleta el\u00e9ctrica y deber\u00edas usarlo? (Gu\u00eda 2025)<\/h3>\n\t\t\t\t\n\t\t\t\t<p class=\"dtq-post-list-excerpt\">Las bicicletas el\u00e9ctricas est\u00e1n cambiando la forma de desplazarse por las ciudades, pero \u00bfqu\u00e9 ocurre si ya tienes una bicicleta en perfecto estado?...<\/p>\n\t\t\t<\/div>\n\t\t<\/a>\n\t<\/li><li class=\"dtq-post-list-child\">\n\t\t<a class=\"dtq-post-list-child-inner\" href=\"https:\/\/b2b.hitway.eu\/es\/las-bicicletas-electricas-mas-ligeras-del-reino-unido-una-guia-de-compra-inteligente\/\">\n\t\t\t<div class=\"dtq-post-list-icon\">\n\t\t\t\t<i class=\"dtq-et-font-icon\">9<\/i>\n\t\t\t<\/div>\n\t\t\t<div class=\"dtq-post-list-content\">\n\t\t\t\t<h3 class=\"dtq-post-list-title\">Las bicicletas el\u00e9ctricas m\u00e1s ligeras de Espa\u00f1a: Gu\u00eda de compra inteligente<\/h3>\n\t\t\t\t\n\t\t\t\t<p class=\"dtq-post-list-excerpt\">Al comprar una bicicleta el\u00e9ctrica, a menudo se pasa por alto el peso, pero para muchos ciclistas, deber\u00eda ser una prioridad m\u00e1xima.Una bicicleta e...<\/p>\n\t\t\t<\/div>\n\t\t<\/a>\n\t<\/li>\n                <\/ul>\n            <\/div>\n\t\t\t\t<\/div>\n\t\t\t<\/div><\/p>\n","protected":false},"author":1,"featured_media":0,"parent":0,"menu_order":0,"comment_status":"closed","ping_status":"closed","template":"","meta":{"_seopress_robots_primary_cat":"","_seopress_titles_title":"","_seopress_titles_desc":"","_seopress_robots_index":"","_et_pb_use_builder":"on","_et_pb_old_content":"","_et_gb_content_width":"","footnotes":""},"class_list":["post-106873","page","type-page","status-publish","hentry"],"_links":{"self":[{"href":"https:\/\/b2b.hitway.eu\/es\/wp-json\/wp\/v2\/pages\/106873","targetHints":{"allow":["GET"]}}],"collection":[{"href":"https:\/\/b2b.hitway.eu\/es\/wp-json\/wp\/v2\/pages"}],"about":[{"href":"https:\/\/b2b.hitway.eu\/es\/wp-json\/wp\/v2\/types\/page"}],"author":[{"embeddable":true,"href":"https:\/\/b2b.hitway.eu\/es\/wp-json\/wp\/v2\/users\/1"}],"replies":[{"embeddable":true,"href":"https:\/\/b2b.hitway.eu\/es\/wp-json\/wp\/v2\/comments?post=106873"}],"version-history":[{"count":2,"href":"https:\/\/b2b.hitway.eu\/es\/wp-json\/wp\/v2\/pages\/106873\/revisions"}],"predecessor-version":[{"id":106875,"href":"https:\/\/b2b.hitway.eu\/es\/wp-json\/wp\/v2\/pages\/106873\/revisions\/106875"}],"wp:attachment":[{"href":"https:\/\/b2b.hitway.eu\/es\/wp-json\/wp\/v2\/media?parent=106873"}],"curies":[{"name":"wp","href":"https:\/\/api.w.org\/{rel}","templated":true}]}}