{"id":106730,"date":"2024-11-09T01:43:14","date_gmt":"2024-11-09T01:43:14","guid":{"rendered":"https:\/\/b2b.hitway.eu\/polasai-priobhaideachais\/"},"modified":"2025-07-15T23:16:57","modified_gmt":"2025-07-15T23:16:57","slug":"polasai-priobhaideachais","status":"publish","type":"page","link":"https:\/\/b2b.hitway.eu\/ga\/polasai-priobhaideachais\/","title":{"rendered":"Polasa\u00ed Pr\u00edobh\u00e1ideachais"},"content":{"rendered":"&#13;\n<h2 class=\"wp-block-heading\">C\u00e9 muid f\u00e9in<\/h2>&#13;\n&#13;\n<p><strong class=\"privacy-policy-tutorial\">T\u00e9acs molta:<\/strong> Seo \u00e9 seoladh \u00e1r su\u00edomh gr\u00e9as\u00e1in: http:\/\/b2b.hitway.eu.<\/p>&#13;\n&#13;\n<h2 class=\"wp-block-heading\">Tr\u00e1chtanna<\/h2>&#13;\n&#13;\n<p><strong class=\"privacy-policy-tutorial\">T\u00e9acs molta:<\/strong> Nuair a fh\u00e1gann cuairteoir\u00ed tuairim\u00ed ar an su\u00edomh, bail\u00edmid na sonra\u00ed a thaispe\u00e1ntar sa bhfoirm tuairim\u00ed, agus seoladh IP an chuairteora agus teaghr\u00e1n gn\u00edomhaire \u00fas\u00e1ideora an bhrabhs\u00e1la\u00ed freisin chun cabhr\u00fa le turscar a bhrath.<\/p>&#13;\n&#13;\n<p>F\u00e9adfar teaghr\u00e1n anaithnid a crutha\u00edodh \u00f3 do sheoladh r\u00edomhphoist (ar a dtugtar hash freisin) a shol\u00e1thar don tseirbh\u00eds Gravatar le feice\u00e1il an bhfuil t\u00fa \u00e1 h\u00fas\u00e1id. T\u00e1 polasa\u00ed pr\u00edobh\u00e1ideachta sheirbh\u00eds Gravatar ar f\u00e1il anseo: https:\/\/automattic.com\/privacy\/. Tar \u00e9is do thr\u00e1cht a chead\u00fa, beidh do phicti\u00far pr\u00f3if\u00edle le feice\u00e1il ag an bpobal i gcomhth\u00e9acs do thr\u00e1chta. <\/p>&#13;\n&#13;\n<h2 class=\"wp-block-heading\">Me\u00e1in<\/h2>&#13;\n&#13;\n<p><strong class=\"privacy-policy-tutorial\">T\u00e9acs molta:<\/strong> M\u00e1 uasl\u00f3d\u00e1lann t\u00fa \u00edomh\u00e1nna chuig an su\u00edomh gr\u00e9as\u00e1in, ba ch\u00f3ir duit \u00edomh\u00e1nna a uasl\u00f3d\u00e1il ina bhfuil sonra\u00ed su\u00edmh leabaithe (EXIF GPS). Is f\u00e9idir le cuairteoir\u00ed ar an su\u00edomh gr\u00e9as\u00e1in aon sonra\u00ed su\u00edmh a \u00edosl\u00f3d\u00e1il agus a bhaint as \u00edomh\u00e1nna ar an su\u00edomh gr\u00e9as\u00e1in. <\/p>&#13;\n&#13;\n<h2 class=\"wp-block-heading\">Fian\u00e1in<\/h2>&#13;\n&#13;\n<p><strong class=\"privacy-policy-tutorial\">T\u00e9acs molta:<\/strong> M\u00e1 fh\u00e1gann t\u00fa tr\u00e1cht ar \u00e1r su\u00edomh, f\u00e9adfaidh t\u00fa rogha a dh\u00e9anamh d\u2019ainm, do sheoladh r\u00edomhphoist agus do shu\u00edomh Gr\u00e9as\u00e1in a sh\u00e1bh\u00e1il i bhfian\u00e1in. T\u00e1 siad seo ann ar mhaithe le d\u2019\u00e1isi\u00falacht ionas nach mbeidh ort do chuid sonra\u00ed a l\u00edonadh isteach ar\u00eds nuair a fh\u00e1gann t\u00fa tr\u00e1cht eile. Mairfidh na fian\u00e1in seo ar feadh bliana.  <\/p>&#13;\n&#13;\n<p>M\u00e1 thugann t\u00fa cuairt ar \u00e1r leathanach log\u00e1la isteach, socr\u00f3imid fian\u00e1n sealadach chun a fh\u00e1il amach an nglacann do bhrabhs\u00e1la\u00ed le fian\u00e1in. N\u00edl aon sonra\u00ed pearsanta sa fhian\u00e1n seo agus caitear \u00e9 nuair a dh\u00fanann t\u00fa do bhrabhs\u00e1la\u00ed. <\/p>&#13;\n&#13;\n<p>Nuair a log\u00e1lann t\u00fa isteach, socr\u00f3imid roinnt fian\u00e1n freisin chun do chuid faisn\u00e9ise log\u00e1la isteach agus do roghanna taispe\u00e1na sc\u00e1ile\u00e1in a sh\u00e1bh\u00e1il. Maireann fian\u00e1in log\u00e1la isteach ar feadh dh\u00e1 l\u00e1, agus maireann fian\u00e1in roghanna sc\u00e1ile\u00e1in ar feadh bliana. M\u00e1 roghna\u00edonn t\u00fa &#8220;Cuimhnigh Orm&#8221;, mairfidh do log\u00e1il isteach ar feadh dh\u00e1 sheachtain. M\u00e1 log\u00e1lann t\u00fa amach as do chuntas, bainfear na fian\u00e1in log\u00e1la isteach.   <\/p>&#13;\n&#13;\n<p>M\u00e1 dh\u00e9anann t\u00fa alt a chur in eagar n\u00f3 a fhoilsi\u00fa, s\u00e1bh\u00e1lfar fian\u00e1n breise i do bhrabhs\u00e1la\u00ed. N\u00edl aon sonra\u00ed pearsanta sa fhian\u00e1n seo agus n\u00ed l\u00e9ir\u00edonn s\u00e9 ach aitheant\u00f3ir poist an ailt a chuir t\u00fa in eagar d\u00edreach. Rachaidh s\u00e9 in \u00e9ag tar \u00e9is 1 l\u00e1.  <\/p>&#13;\n&#13;\n<h2 class=\"wp-block-heading\">\u00c1bhar leabaithe \u00f3 shu\u00edomhanna gr\u00e9as\u00e1in eile<\/h2>&#13;\n&#13;\n<p><strong class=\"privacy-policy-tutorial\">T\u00e9acs molta:<\/strong> D\u2019fh\u00e9adfadh \u00e1bhar leabaithe (m.sh. f\u00edse\u00e1in, \u00edomh\u00e1nna, ailt, srl.) a bheith in ailt ar an su\u00edomh seo. Feidhm\u00edonn \u00e1bhar leabaithe \u00f3 shu\u00edomhanna gr\u00e9as\u00e1in eile ar an mbealach c\u00e9anna amhail is d\u00e1 mbeadh cuairt tugtha ag an gcuairteoir ar an su\u00edomh gr\u00e9as\u00e1in eile. <\/p>&#13;\n&#13;\n<p>F\u00e9adfaidh na su\u00edomhanna gr\u00e9as\u00e1in seo sonra\u00ed f\u00fat a bhaili\u00fa, fian\u00e1in a \u00fas\u00e1id, rian\u00fa breise tr\u00ed\u00fa p\u00e1irt\u00ed a leab\u00fa isteach, agus monat\u00f3ireacht a dh\u00e9anamh ar d\u2019idirghn\u00edomha\u00edocht leis an \u00e1bhar leabaithe sin, lena n-\u00e1ir\u00edtear rian\u00fa a dh\u00e9anamh ar d\u2019idirghn\u00edomha\u00edocht leis an \u00e1bhar leabaithe m\u00e1 t\u00e1 cuntas agat agus m\u00e1 t\u00e1 t\u00fa log\u00e1ilte isteach ar an su\u00edomh gr\u00e9as\u00e1in sin.<\/p>&#13;\n&#13;\n<h2 class=\"wp-block-heading\">C\u00e9 leis a roinnimid do shonra\u00ed<\/h2>&#13;\n&#13;\n<p><strong class=\"privacy-policy-tutorial\">T\u00e9acs molta:<\/strong> M\u00e1 iarrann t\u00fa athshocr\u00fa pasfhocail, cuirfear do sheoladh IP san \u00e1ireamh sa r\u00edomhphost athshocraithe.<\/p>&#13;\n&#13;\n<h2 class=\"wp-block-heading\">C\u00e9 chomh fada a choime\u00e1daimid do shonra\u00ed<\/h2>&#13;\n&#13;\n<p><strong class=\"privacy-policy-tutorial\">T\u00e9acs molta:<\/strong> M\u00e1 fh\u00e1gann t\u00fa tr\u00e1cht, coinn\u00edtear an tr\u00e1cht agus a mheiteashonra\u00ed go ceann tr\u00e9imhse \u00e9iginnte. Is amhlaidh at\u00e1 ionas gur f\u00e9idir linn aon tr\u00e1chtanna leantacha a aithint agus a chead\u00fa go huathoibr\u00edoch seachas iad a choinne\u00e1il i scuaine modhn\u00f3ireachta. <\/p>&#13;\n&#13;\n<p>I gc\u00e1s \u00fas\u00e1ideoir\u00ed a chl\u00e1ra\u00edonn ar \u00e1r su\u00edomh Gr\u00e9as\u00e1in (m\u00e1s ann d\u00f3ibh), st\u00f3r\u00e1ilimid an fhaisn\u00e9is phearsanta a shol\u00e1thra\u00edonn siad ina bpr\u00f3if\u00edl \u00fas\u00e1ideora freisin. Is f\u00e9idir le gach \u00fas\u00e1ideoir a gcuid faisn\u00e9ise pearsanta a fheice\u00e1il, a chur in eagar n\u00f3 a scriosadh tr\u00e1th ar bith (ach amh\u00e1in nach f\u00e9idir leo a n-ainm \u00fas\u00e1ideora a athr\u00fa). Is f\u00e9idir le riarth\u00f3ir\u00ed su\u00edomh Gr\u00e9as\u00e1in an fhaisn\u00e9is sin a fheice\u00e1il agus a chur in eagar freisin.  <\/p>&#13;\n&#13;\n<h2 class=\"wp-block-heading\">Cad iad na cearta at\u00e1 agat maidir le do shonra\u00ed<\/h2>&#13;\n&#13;\n<p><strong class=\"privacy-policy-tutorial\">T\u00e9acs molta:<\/strong> M\u00e1 t\u00e1 cuntas agat ar an su\u00edomh seo, n\u00f3 m\u00e1 d\u2019fh\u00e1g t\u00fa tr\u00e1chtanna, is f\u00e9idir leat iarratas a dh\u00e9anamh comhad easp\u00f3rt\u00e1ilte a fh\u00e1il de na sonra\u00ed pearsanta at\u00e1 againn f\u00fat, lena n-\u00e1ir\u00edtear aon sonra\u00ed at\u00e1 curtha ar f\u00e1il againn duit. Is f\u00e9idir leat a iarraidh freisin go scriosfaimid aon sonra\u00ed pearsanta at\u00e1 againn f\u00fat. N\u00ed \u00e1ir\u00edtear leis seo aon sonra\u00ed at\u00e1 orainn a choinne\u00e1il chun cr\u00edocha riarach\u00e1in, dl\u00edthi\u00fala n\u00f3 sl\u00e1nd\u00e1la.  <\/p>&#13;\n&#13;\n<h2 class=\"wp-block-heading\">C\u00e1 seoltar do shonra\u00ed<\/h2>&#13;\n&#13;\n<p><strong class=\"privacy-policy-tutorial\">T\u00e9acs molta:<\/strong> F\u00e9adfar tuairim\u00ed cuairteoir\u00ed a sheice\u00e1il tr\u00ed sheirbh\u00eds uathoibrithe braite turscair.<\/p>&#13;\n<p>&nbsp;<\/p>\n","protected":false},"excerpt":{"rendered":"<p>&#13; C\u00e9 muid f\u00e9in &#13; &#13; T\u00e9acs molta: Seo \u00e9 seoladh \u00e1r su\u00edomh gr\u00e9as\u00e1in: http:\/\/b2b.hitway.eu. &#13; &#13; Tr\u00e1chtanna &#13; &#13; T\u00e9acs molta: Nuair a fh\u00e1gann cuairteoir\u00ed tuairim\u00ed ar an su\u00edomh, bail\u00edmid na sonra\u00ed a thaispe\u00e1ntar sa bhfoirm tuairim\u00ed, agus seoladh IP an chuairteora agus teaghr\u00e1n gn\u00edomhaire \u00fas\u00e1ideora an bhrabhs\u00e1la\u00ed freisin chun cabhr\u00fa le turscar a [&hellip;]<\/p>\n","protected":false},"author":1,"featured_media":0,"parent":0,"menu_order":0,"comment_status":"closed","ping_status":"closed","template":"","meta":{"_seopress_robots_primary_cat":"","_seopress_titles_title":"","_seopress_titles_desc":"","_seopress_robots_index":"","_et_pb_use_builder":"","_et_pb_old_content":"","_et_gb_content_width":"","footnotes":""},"class_list":["post-106730","page","type-page","status-publish","hentry"],"_links":{"self":[{"href":"https:\/\/b2b.hitway.eu\/ga\/wp-json\/wp\/v2\/pages\/106730","targetHints":{"allow":["GET"]}}],"collection":[{"href":"https:\/\/b2b.hitway.eu\/ga\/wp-json\/wp\/v2\/pages"}],"about":[{"href":"https:\/\/b2b.hitway.eu\/ga\/wp-json\/wp\/v2\/types\/page"}],"author":[{"embeddable":true,"href":"https:\/\/b2b.hitway.eu\/ga\/wp-json\/wp\/v2\/users\/1"}],"replies":[{"embeddable":true,"href":"https:\/\/b2b.hitway.eu\/ga\/wp-json\/wp\/v2\/comments?post=106730"}],"version-history":[{"count":1,"href":"https:\/\/b2b.hitway.eu\/ga\/wp-json\/wp\/v2\/pages\/106730\/revisions"}],"predecessor-version":[{"id":106731,"href":"https:\/\/b2b.hitway.eu\/ga\/wp-json\/wp\/v2\/pages\/106730\/revisions\/106731"}],"wp:attachment":[{"href":"https:\/\/b2b.hitway.eu\/ga\/wp-json\/wp\/v2\/media?parent=106730"}],"curies":[{"name":"wp","href":"https:\/\/api.w.org\/{rel}","templated":true}]}}