{"id":106853,"date":"2025-07-06T12:27:14","date_gmt":"2025-07-06T12:27:14","guid":{"rendered":"https:\/\/b2b.hitway.eu\/polasai-aisiocaiochta-agus-tuairiscean\/"},"modified":"2025-07-15T23:19:36","modified_gmt":"2025-07-15T23:19:36","slug":"polasai-aisiocaiochta-agus-tuairiscean","status":"publish","type":"page","link":"https:\/\/b2b.hitway.eu\/ga\/polasai-aisiocaiochta-agus-tuairiscean\/","title":{"rendered":"Polasa\u00ed Ais\u00edoca\u00edochta agus Tuairisce\u00e1n"},"content":{"rendered":"\n<p><b>Seo leathanach samplach.<\/b><\/p>\n\n<h2 class=\"wp-block-heading\">Forbhreathn\u00fa<\/h2>\n\n<p>Maireann \u00e1r mbeartas ais\u00edoca\u00edochta agus tuairisce\u00e1in 30 l\u00e1. Mura bhfuil 30 l\u00e1 caite \u00f3 do cheannach\u00e1n, n\u00ed f\u00e9idir linn ais\u00edoca\u00edocht ioml\u00e1n n\u00e1 malart\u00fa a thairiscint duit. <\/p>\n\n<p>Chun go mbeidh t\u00fa inch\u00e1ilithe le haghaidh tuairisce\u00e1in, n\u00ed m\u00f3r d\u2019earra a bheith neamh\u00fas\u00e1idte agus sa riocht c\u00e9anna inar fuair t\u00fa \u00e9. N\u00ed m\u00f3r d\u00f3 a bheith sa phac\u00e1isti\u00fa bunaidh freisin. <\/p>\n\n<p>T\u00e1 roinnt cine\u00e1lacha earra\u00ed d\u00edolmhaithe \u00f3 bheith \u00e1 dtabhairt ar ais. N\u00ed f\u00e9idir earra\u00ed meatacha amhail bia, bl\u00e1thanna, nuacht\u00e1in n\u00e1 iris\u00ed a thabhairt ar ais. N\u00ed ghlacaimid le t\u00e1irg\u00ed ar earra\u00ed pearsanta n\u00f3 sl\u00e1int\u00edochta iad, \u00e1bhair ghuaiseacha, n\u00e1 leachtanna n\u00f3 g\u00e1is inadhainte.  <\/p>\n\n<p>M\u00edreanna breise nach f\u00e9idir a thabhairt ar ais:<\/p>\n\n<ul class=\"wp-block-list\">\n<li>C\u00e1rta\u00ed bronntanais<\/li>\n<li>T\u00e1irg\u00ed bogearra\u00ed in-\u00edosl\u00f3d\u00e1ilte<\/li>\n<li>Roinnt earra\u00ed sl\u00e1inte agus c\u00faraim phearsanta<\/li>\n<\/ul>\n\n<p>Chun do thuairisce\u00e1n a chr\u00edochn\u00fa, teasta\u00edonn admh\u00e1il n\u00f3 cruth\u00fanas ceannaigh uainn.<\/p>\n\n<p>N\u00e1 seol do cheannach\u00e1n ar ais chuig an monar\u00f3ir, le do thoil.<\/p>\n\n<p>T\u00e1 c\u00e1sanna \u00e1irithe ann nach ndeona\u00edtear ach ais\u00edoca\u00edochta\u00ed p\u00e1irteacha:<\/p>\n\n<ul class=\"wp-block-list\">\n<li>Leabhar le comhartha\u00ed \u00fas\u00e1ide soil\u00e9ire<\/li>\n<li>CD, DVD, t\u00e9ip VHS, bogearra\u00ed, cluiche f\u00edse\u00e1in, t\u00e9ip cais\u00e9id, n\u00f3 taifead vinile at\u00e1 oscailte.<\/li>\n<li>Aon mh\u00edr nach bhfuil ina riocht bunaidh, at\u00e1 dam\u00e1istithe n\u00f3 at\u00e1 ar iarraidh p\u00e1irteanna ar ch\u00faiseanna nach de bharr \u00e1r n-earr\u00e1ide f\u00e9in iad.<\/li>\n<li>Aon mh\u00edr a chuirtear ar ais n\u00edos m\u00f3 n\u00e1 30 l\u00e1 tar \u00e9is a seachadta<\/li>\n<\/ul>\n\n<h2 class=\"wp-block-heading\">Ais\u00edoca\u00edochta\u00ed<\/h2>\n\n<p>Nuair a bheidh d\u2019earra ar ais faighte againn agus scr\u00fadaithe againn, cuirfimid r\u00edomhphost chugat chun a chur in i\u00fal duit go bhfuil an t-earra ar ais faighte againn. Cuirfimid in i\u00fal duit freisin an bhfuil d\u2019ais\u00edoca\u00edocht ceadaithe n\u00f3 di\u00faltaithe. <\/p>\n\n<p>M\u00e1 cheada\u00edtear th\u00fa, pr\u00f3ise\u00e1lfar d\u2019ais\u00edoca\u00edocht, agus cuirfear creidmheas i bhfeidhm go huathoibr\u00edoch ar do ch\u00e1rta creidmheasa n\u00f3 ar do mhodh \u00edoca\u00edochta bunaidh, laistigh de mh\u00e9id \u00e1irithe laethanta.<\/p>\n\n<h3 class=\"wp-block-heading\">Ais\u00edoca\u00edochta\u00ed d\u00e9anacha n\u00f3 ar iarraidh<\/h3>\n\n<p>Mura bhfuil ais\u00edoca\u00edocht faighte agat f\u00f3s, seice\u00e1il do chuntas bainc ar\u00eds ar dt\u00fas.<\/p>\n\n<p>Ansin d\u00e9an teagmh\u00e1il le do chuideachta c\u00e1rta creidmheasa, d\u2019fh\u00e9adfadh s\u00e9 go dt\u00f3gfadh s\u00e9 tamall sula seolfar d\u2019ais\u00edoca\u00edocht go hoifigi\u00fail.<\/p>\n\n<p>Ansin, d\u00e9an teagmh\u00e1il le do bhanc. Is minic a bh\u00edonn roinnt ama pr\u00f3ise\u00e1la ann sula seoltar ais\u00edoca\u00edocht. <\/p>\n\n<p>M\u00e1 t\u00e1 an m\u00e9id seo ar fad d\u00e9anta agat agus mura bhfuil d\u2019ais\u00edoca\u00edocht faighte agat f\u00f3s, d\u00e9an teagmh\u00e1il linn ag {email address}.<\/p>\n\n<h3 class=\"wp-block-heading\">Earra\u00ed ar d\u00edol<\/h3>\n\n<p>N\u00ed f\u00e9idir ais\u00edoca\u00edocht a fh\u00e1il ach ar earra\u00ed ar phraghas rialta. N\u00ed f\u00e9idir ais\u00edoca\u00edocht a fh\u00e1il ar earra\u00ed ar d\u00edol. <\/p>\n\n<h2 class=\"wp-block-heading\">Malartuithe<\/h2>\n\n<p>N\u00ed dh\u00e9anaimid earra\u00ed a athshol\u00e1thar ach amh\u00e1in m\u00e1 t\u00e1 siad lochtach n\u00f3 millte. M\u00e1s g\u00e1 duit \u00e9 a mhalart\u00fa ar son an earra ch\u00e9anna, seol r\u00edomhphost chugainn ag {email address} agus seol d\u2019earra chuig: {physical address}. <\/p>\n\n<h2 class=\"wp-block-heading\">Bronntanais<\/h2>\n\n<p>M\u00e1 bh\u00ed an mh\u00edr marc\u00e1ilte mar bhronntanas nuair a ceanna\u00edodh \u00ed agus m\u00e1 seoladh \u00ed go d\u00edreach chugat, gheobhaidh t\u00fa creidmheas bronntanais arb ionann \u00ed agus luach an earra a tugadh ar ais. Nuair a gheofar an mh\u00edr a tugadh ar ais, seolfar deimhni\u00fa bronntanais chugat sa phost. <\/p>\n\n<p>Mura raibh an mh\u00edr marc\u00e1ilte mar bhronntanas nuair a ceanna\u00edodh \u00ed, n\u00f3 m\u00e1 seoladh an t-ord\u00fa chucu f\u00e9in ag an tabhart\u00f3ir bronntanais le tabhairt duit n\u00edos d\u00e9ana\u00ed, cuirfimid ais\u00edoca\u00edocht chuig an tabhart\u00f3ir bronntanais agus gheobhaidh siad amach faoi do thuairisce\u00e1n.<\/p>\n\n<h2 class=\"wp-block-heading\">Tuairisce\u00e1in loingseoireachta<\/h2>\n\n<p>Chun do th\u00e1irge a thabhairt ar ais, ba ch\u00f3ir duit \u00e9 a sheoladh chuig: {physical address}.<\/p>\n\n<p>Beidh t\u00fa freagrach as do chostais loingseoireachta f\u00e9in a \u00edoc as d\u2019earra a thabhairt ar ais. N\u00ed f\u00e9idir costais loingseoireachta a ais\u00edoc. M\u00e1 fhaigheann t\u00fa ais\u00edoca\u00edocht, bainfear costas an loingseoireachta ar ais as d\u2019ais\u00edoca\u00edocht.  <\/p>\n\n<p>Ag brath ar an \u00e1it ina gc\u00f3na\u00edonn t\u00fa, d\u2019fh\u00e9adfadh an t-am a th\u00f3gfaidh s\u00e9 ar an t\u00e1irge malartaithe teacht chugat a bheith \u00e9ags\u00fail.<\/p>\n\n<p>M\u00e1s rud \u00e9 go bhfuil t\u00fa ag seoladh earra\u00ed n\u00edos costasa\u00ed ar ais, b\u2019fh\u00e9idir go mbeadh s\u00e9 ciallmhar seirbh\u00eds loingseoireachta inrianaithe a \u00fas\u00e1id n\u00f3 \u00e1rachas loingseoireachta a cheannach. N\u00ed r\u00e1tha\u00edmid go bhfaighidh muid an t-earra a sheoltar ar ais. <\/p>\n\n<h2 class=\"wp-block-heading\">An bhfuil cabhair uait?<\/h2>\n\n<p>D\u00e9an teagmh\u00e1il linn ag{email} le haghaidh ceisteanna a bhaineann le hais\u00edoca\u00edochta\u00ed agus tuairisce\u00e1in.<\/p>\n","protected":false},"excerpt":{"rendered":"<p>Seo leathanach samplach. Forbhreathn\u00fa Maireann \u00e1r mbeartas ais\u00edoca\u00edochta agus tuairisce\u00e1in 30 l\u00e1. Mura bhfuil 30 l\u00e1 caite \u00f3 do cheannach\u00e1n, n\u00ed f\u00e9idir linn ais\u00edoca\u00edocht ioml\u00e1n n\u00e1 malart\u00fa a thairiscint duit. Chun go mbeidh t\u00fa inch\u00e1ilithe le haghaidh tuairisce\u00e1in, n\u00ed m\u00f3r d\u2019earra a bheith neamh\u00fas\u00e1idte agus sa riocht c\u00e9anna inar fuair t\u00fa \u00e9. N\u00ed m\u00f3r d\u00f3 [&hellip;]<\/p>\n","protected":false},"author":1,"featured_media":0,"parent":0,"menu_order":0,"comment_status":"closed","ping_status":"closed","template":"","meta":{"_seopress_robots_primary_cat":"","_seopress_titles_title":"","_seopress_titles_desc":"","_seopress_robots_index":"","_et_pb_use_builder":"","_et_pb_old_content":"","_et_gb_content_width":"","footnotes":""},"class_list":["post-106853","page","type-page","status-publish","hentry"],"_links":{"self":[{"href":"https:\/\/b2b.hitway.eu\/ga\/wp-json\/wp\/v2\/pages\/106853","targetHints":{"allow":["GET"]}}],"collection":[{"href":"https:\/\/b2b.hitway.eu\/ga\/wp-json\/wp\/v2\/pages"}],"about":[{"href":"https:\/\/b2b.hitway.eu\/ga\/wp-json\/wp\/v2\/types\/page"}],"author":[{"embeddable":true,"href":"https:\/\/b2b.hitway.eu\/ga\/wp-json\/wp\/v2\/users\/1"}],"replies":[{"embeddable":true,"href":"https:\/\/b2b.hitway.eu\/ga\/wp-json\/wp\/v2\/comments?post=106853"}],"version-history":[{"count":1,"href":"https:\/\/b2b.hitway.eu\/ga\/wp-json\/wp\/v2\/pages\/106853\/revisions"}],"predecessor-version":[{"id":106855,"href":"https:\/\/b2b.hitway.eu\/ga\/wp-json\/wp\/v2\/pages\/106853\/revisions\/106855"}],"wp:attachment":[{"href":"https:\/\/b2b.hitway.eu\/ga\/wp-json\/wp\/v2\/media?parent=106853"}],"curies":[{"name":"wp","href":"https:\/\/api.w.org\/{rel}","templated":true}]}}