{"id":106747,"date":"2024-11-09T07:22:08","date_gmt":"2024-11-09T07:22:08","guid":{"rendered":"https:\/\/b2b.hitway.eu\/blog\/"},"modified":"2025-07-15T23:17:14","modified_gmt":"2025-07-15T23:17:14","slug":"blog","status":"publish","type":"page","link":"https:\/\/b2b.hitway.eu\/ro\/blog\/","title":{"rendered":"Blog"},"content":{"rendered":"<p>[et_pb_section fb_built=&#8221;1&#8243; _builder_version=&#8221;4.21.0&#8243; _module_preset=&#8221;default&#8221; use_background_color_gradient=&#8221;on&#8221; background_color_gradient_stops=&#8221;rgba(246,97,93,0.8) 0%|rgba(246,97,93,0.79) 100%&#8221; background_color_gradient_overlays_image=&#8221;on&#8221; background_color_gradient_start=&#8221;rgba(246,97,93,0.8)&#8221; background_color_gradient_end=&#8221;rgba(246,97,93,0.79)&#8221; background_enable_image=&#8221;off&#8221; locked=&#8221;off&#8221; global_colors_info=&#8221;{}&#8221;][et_pb_row _builder_version=&#8221;4.16&#8243; _module_preset=&#8221;default&#8221; custom_padding=&#8221;0px||0px||true|false&#8221; global_colors_info=&#8221;{}&#8221;][et_pb_column type=&#8221;4_4&#8243; _builder_version=&#8221;4.16&#8243; _module_preset=&#8221;default&#8221; custom_padding=&#8221;6%||8%||false|false&#8221; global_colors_info=&#8221;{}&#8221;][et_pb_text admin_label=&#8221;The Best Services&#8221; _builder_version=&#8221;4.16&#8243; _module_preset=&#8221;default&#8221; header_font=&#8221;Jost|700|||||||&#8221; header_text_color=&#8221;#FFFFFF&#8221; header_font_size=&#8221;90px&#8221; header_line_height=&#8221;1.2em&#8221; text_orientation=&#8221;center&#8221; custom_margin=&#8221;||0px||false|false&#8221; custom_padding=&#8221;||0px||false|false&#8221; header_font_size_tablet=&#8221;70px&#8221; header_font_size_phone=&#8221;50px&#8221; header_font_size_last_edited=&#8221;on|phone&#8221; locked=&#8221;off&#8221; global_colors_info=&#8221;{}&#8221;]<\/p>\n<h1>Blogul nostru<\/h1>\n<p>[\/et_pb_text][et_pb_text _builder_version=&#8221;4.16&#8243; _module_preset=&#8221;default&#8221; text_font=&#8221;Open Sans||||||||&#8221; text_font_size=&#8221;18px&#8221; text_line_height=&#8221;1.8em&#8221; text_orientation=&#8221;center&#8221; background_layout=&#8221;dark&#8221; custom_margin=&#8221;0px||||false|false&#8221; custom_padding=&#8221;0px||||false|false&#8221; locked=&#8221;off&#8221; global_colors_info=&#8221;{}&#8221;]<\/p>\n<p>HITWAY este dedicat \u00eembun\u0103t\u0103\u021birii mobilit\u0103\u021bii urbane durabile<\/p>\n<p>cu e-bikes \u0219i e-scootere inovatoare, oferind calitate, confort \u0219i un angajament pentru un viitor mai curat.<\/p>\n<p>[\/et_pb_text][\/et_pb_column][\/et_pb_row][\/et_pb_section][et_pb_section fb_built=&#8221;1&#8243; _builder_version=&#8221;4.16&#8243; _module_preset=&#8221;default&#8221; use_background_color_gradient=&#8221;on&#8221; background_color_gradient_direction=&#8221;90deg&#8221; background_color_gradient_stops=&#8221;#ffffff 72%|#eff2ff 72%&#8221; background_color_gradient_start=&#8221;#ffffff&#8221; background_color_gradient_start_position=&#8221;72%&#8221; background_color_gradient_end=&#8221;#eff2ff&#8221; background_color_gradient_end_position=&#8221;72%&#8221; custom_padding=&#8221;6%||6%||true|false&#8221; global_colors_info=&#8221;{}&#8221;][et_pb_row _builder_version=&#8221;4.21.0&#8243; _module_preset=&#8221;default&#8221; global_colors_info=&#8221;{}&#8221;][et_pb_column type=&#8221;4_4&#8243; _builder_version=&#8221;4.21.0&#8243; _module_preset=&#8221;default&#8221; global_colors_info=&#8221;{}&#8221;][et_pb_blog fullwidth=&#8221;off&#8221; posts_number=&#8221;12&#8243; include_categories=&#8221;all&#8221; _builder_version=&#8221;4.27.4&#8243; _module_preset=&#8221;default&#8221; hover_enabled=&#8221;0&#8243; global_colors_info=&#8221;{}&#8221; sticky_enabled=&#8221;0&#8243;][\/et_pb_blog][\/et_pb_column][\/et_pb_row][\/et_pb_section][et_pb_section fb_built=&#8221;1&#8243; _builder_version=&#8221;4.16&#8243; _module_preset=&#8221;default&#8221; custom_padding=&#8221;||6%||false|false&#8221; collapsed=&#8221;on&#8221; global_colors_info=&#8221;{}&#8221;][\/et_pb_section]<\/p>\n","protected":false},"excerpt":{"rendered":"<p>Blogul nostruHITWAY este dedicat \u00eembun\u0103t\u0103\u021birii mobilit\u0103\u021bii urbane durabile cu e-bikes \u0219i e-scootere inovatoare, oferind calitate, confort \u0219i un angajament pentru un viitor mai curat.<\/p>\n","protected":false},"author":1,"featured_media":0,"parent":0,"menu_order":0,"comment_status":"closed","ping_status":"closed","template":"","meta":{"_seopress_robots_primary_cat":"","_seopress_titles_title":"","_seopress_titles_desc":"","_seopress_robots_index":"","_et_pb_use_builder":"on","_et_pb_old_content":"","_et_gb_content_width":"","footnotes":""},"class_list":["post-106747","page","type-page","status-publish","hentry"],"_links":{"self":[{"href":"https:\/\/b2b.hitway.eu\/ro\/wp-json\/wp\/v2\/pages\/106747","targetHints":{"allow":["GET"]}}],"collection":[{"href":"https:\/\/b2b.hitway.eu\/ro\/wp-json\/wp\/v2\/pages"}],"about":[{"href":"https:\/\/b2b.hitway.eu\/ro\/wp-json\/wp\/v2\/types\/page"}],"author":[{"embeddable":true,"href":"https:\/\/b2b.hitway.eu\/ro\/wp-json\/wp\/v2\/users\/1"}],"replies":[{"embeddable":true,"href":"https:\/\/b2b.hitway.eu\/ro\/wp-json\/wp\/v2\/comments?post=106747"}],"version-history":[{"count":2,"href":"https:\/\/b2b.hitway.eu\/ro\/wp-json\/wp\/v2\/pages\/106747\/revisions"}],"predecessor-version":[{"id":106749,"href":"https:\/\/b2b.hitway.eu\/ro\/wp-json\/wp\/v2\/pages\/106747\/revisions\/106749"}],"wp:attachment":[{"href":"https:\/\/b2b.hitway.eu\/ro\/wp-json\/wp\/v2\/media?parent=106747"}],"curies":[{"name":"wp","href":"https:\/\/api.w.org\/{rel}","templated":true}]}}