{"id":103810,"date":"2025-07-06T12:27:14","date_gmt":"2025-07-06T12:27:14","guid":{"rendered":"https:\/\/b2b.hitway.eu\/moj-ucet\/"},"modified":"2025-07-06T12:27:17","modified_gmt":"2025-07-06T12:27:17","slug":"moj-ucet","status":"publish","type":"page","link":"https:\/\/b2b.hitway.eu\/sk\/moj-ucet\/","title":{"rendered":"M\u00f4j \u00fa\u010det"},"content":{"rendered":"<div class=\"woocommerce\"><\/div>\n","protected":false},"excerpt":{"rendered":"","protected":false},"author":1,"featured_media":0,"parent":0,"menu_order":0,"comment_status":"closed","ping_status":"closed","template":"","meta":{"_seopress_robots_primary_cat":"","_seopress_titles_title":"","_seopress_titles_desc":"","_seopress_robots_index":"","_et_pb_use_builder":"","_et_pb_old_content":"","_et_gb_content_width":"","footnotes":""},"class_list":["post-103810","page","type-page","status-publish","hentry"],"_links":{"self":[{"href":"https:\/\/b2b.hitway.eu\/sk\/wp-json\/wp\/v2\/pages\/103810","targetHints":{"allow":["GET"]}}],"collection":[{"href":"https:\/\/b2b.hitway.eu\/sk\/wp-json\/wp\/v2\/pages"}],"about":[{"href":"https:\/\/b2b.hitway.eu\/sk\/wp-json\/wp\/v2\/types\/page"}],"author":[{"embeddable":true,"href":"https:\/\/b2b.hitway.eu\/sk\/wp-json\/wp\/v2\/users\/1"}],"replies":[{"embeddable":true,"href":"https:\/\/b2b.hitway.eu\/sk\/wp-json\/wp\/v2\/comments?post=103810"}],"version-history":[{"count":0,"href":"https:\/\/b2b.hitway.eu\/sk\/wp-json\/wp\/v2\/pages\/103810\/revisions"}],"wp:attachment":[{"href":"https:\/\/b2b.hitway.eu\/sk\/wp-json\/wp\/v2\/media?parent=103810"}],"curies":[{"name":"wp","href":"https:\/\/api.w.org\/{rel}","templated":true}]}}